{"id":203,"date":"2009-08-09T17:00:35","date_gmt":"2009-08-09T15:00:35","guid":{"rendered":"http:\/\/blog.pauls.li\/?page_id=203"},"modified":"2011-03-13T14:07:39","modified_gmt":"2011-03-13T12:07:39","slug":"zu-verkaufen","status":"publish","type":"page","link":"http:\/\/blog.pauls.li\/?page_id=203","title":{"rendered":"!!! zu verkaufen !!!"},"content":{"rendered":"<p>In den letzten Jahren habe ich f\u00fcr meinen Shack einige neue Ger\u00e4te gekauft. Daher habe ich einige &#8222;alte&#8220; Ger\u00e4te (siehe Liste unten) zu verkaufen. Die Ger\u00e4te sind alle in einem optisch und technisch absolut einwandfreiem Zustand und sind vormals alle von mir neu gekauft worden. Die ger\u00e4te sind absolut unverbastelte Nichtraucherger\u00e4te. Die Ger\u00e4te wurden bis auf sehr wenige Ausnahmen nur zum Stationsbetrieb verwendet und haben daher nahezu keine Gebrauchsspuren. Bei Interesse bitte melden per eMail (marc@dj7aq.de) oder Telefon (036202\/20010).<\/p>\n<ul>\n<li><span style=\"color: #0000ff;\">Landolt TNC 2C (9,8MHz Variante)<\/span><\/li>\n<\/ul>\n","protected":false},"excerpt":{"rendered":"<p>In den letzten Jahren habe ich f\u00fcr meinen Shack einige neue Ger\u00e4te gekauft. Daher habe ich einige &#8222;alte&#8220; Ger\u00e4te (siehe Liste unten) zu verkaufen. Die Ger\u00e4te sind alle in einem optisch und technisch absolut einwandfreiem Zustand und sind vormals alle von mir neu gekauft worden. Die ger\u00e4te sind absolut unverbastelte Nichtraucherger\u00e4te. Die Ger\u00e4te wurden bis [&hellip;]<\/p>\n","protected":false},"author":1,"featured_media":0,"parent":0,"menu_order":0,"comment_status":"closed","ping_status":"closed","template":"","meta":{"footnotes":""},"_links":{"self":[{"href":"http:\/\/blog.pauls.li\/index.php?rest_route=\/wp\/v2\/pages\/203"}],"collection":[{"href":"http:\/\/blog.pauls.li\/index.php?rest_route=\/wp\/v2\/pages"}],"about":[{"href":"http:\/\/blog.pauls.li\/index.php?rest_route=\/wp\/v2\/types\/page"}],"author":[{"embeddable":true,"href":"http:\/\/blog.pauls.li\/index.php?rest_route=\/wp\/v2\/users\/1"}],"replies":[{"embeddable":true,"href":"http:\/\/blog.pauls.li\/index.php?rest_route=%2Fwp%2Fv2%2Fcomments&post=203"}],"version-history":[{"count":9,"href":"http:\/\/blog.pauls.li\/index.php?rest_route=\/wp\/v2\/pages\/203\/revisions"}],"predecessor-version":[{"id":281,"href":"http:\/\/blog.pauls.li\/index.php?rest_route=\/wp\/v2\/pages\/203\/revisions\/281"}],"wp:attachment":[{"href":"http:\/\/blog.pauls.li\/index.php?rest_route=%2Fwp%2Fv2%2Fmedia&parent=203"}],"curies":[{"name":"wp","href":"https:\/\/api.w.org\/{rel}","templated":true}]}}